{"id":15789,"date":"2023-08-02T00:02:35","date_gmt":"2023-08-02T00:02:35","guid":{"rendered":"https:\/\/store3.prototipo.digital\/?page_id=15789"},"modified":"2023-08-03T18:01:25","modified_gmt":"2023-08-03T18:01:25","slug":"politica-privacidad","status":"publish","type":"page","link":"https:\/\/store3.prototipo.digital\/index.php\/politica-privacidad\/","title":{"rendered":"Pol\u00edtica de Privacidad"},"content":{"rendered":"\t\t<div data-elementor-type=\"wp-page\" data-elementor-id=\"15789\" class=\"elementor elementor-15789\" data-elementor-post-type=\"page\">\n\t\t\t\t\t\t\t\t\t<section class=\"wd-negative-gap elementor-section elementor-top-section elementor-element elementor-element-5639db1 elementor-section-boxed elementor-section-height-default elementor-section-height-default wd-section-disabled\" data-id=\"5639db1\" data-element_type=\"section\">\n\t\t\t\t\t\t<div class=\"elementor-container elementor-column-gap-default\">\n\t\t\t\t\t<div class=\"elementor-column elementor-col-33 elementor-top-column elementor-element elementor-element-0e4aa3e\" data-id=\"0e4aa3e\" data-element_type=\"column\">\n\t\t\t<div class=\"elementor-widget-wrap\">\n\t\t\t\t\t\t\t\t\t<\/div>\n\t\t<\/div>\n\t\t\t\t<div class=\"elementor-column elementor-col-33 elementor-top-column elementor-element elementor-element-1f204f3\" data-id=\"1f204f3\" data-element_type=\"column\">\n\t\t\t<div class=\"elementor-widget-wrap elementor-element-populated\">\n\t\t\t\t\t\t\t\t<div class=\"elementor-element elementor-element-1cf3d3b color-scheme-inherit text-left elementor-widget elementor-widget-text-editor\" data-id=\"1cf3d3b\" data-element_type=\"widget\" data-widget_type=\"text-editor.default\">\n\t\t\t\t<div class=\"elementor-widget-container\">\n\t\t\t<style>\/*! elementor - v3.15.0 - 02-08-2023 *\/\n.elementor-widget-text-editor.elementor-drop-cap-view-stacked .elementor-drop-cap{background-color:#69727d;color:#fff}.elementor-widget-text-editor.elementor-drop-cap-view-framed .elementor-drop-cap{color:#69727d;border:3px solid;background-color:transparent}.elementor-widget-text-editor:not(.elementor-drop-cap-view-default) .elementor-drop-cap{margin-top:8px}.elementor-widget-text-editor:not(.elementor-drop-cap-view-default) .elementor-drop-cap-letter{width:1em;height:1em}.elementor-widget-text-editor .elementor-drop-cap{float:left;text-align:center;line-height:1;font-size:50px}.elementor-widget-text-editor .elementor-drop-cap-letter{display:inline-block}<\/style>\t\t\t\t<p class=\"western\" align=\"justify\"><span lang=\"en-US\">Estimado Cliente:<\/span><\/p><p class=\"western\" align=\"justify\"><span lang=\"en-US\"><u>Tresesenta estrategia digital<\/u><\/span><span lang=\"en-US\"> recolecta informaci\u00f3n personal de sus clientes con fines promocionales exclusivamente y los medios de contacto, previa autorizaci\u00f3n de los clientes, son e-mail, sms y correo directo. La informaci\u00f3n de los clientes se recolecta a trav\u00e9s de rifas y concursos en tiendas, registro en p\u00e1gina web, registro en el punto de venta y actividades con seguidores de la marca en redes sociales.<\/span><\/p><p class=\"western\" align=\"justify\"><span lang=\"en-US\">Las comunicaciones que se enviar\u00e1n a los clientes ser\u00e1n correos electr\u00f3nicos de bienvenida a la base de datos de <\/span><span lang=\"en-US\"><u>Tresesenta estrategia digital<\/u><\/span><span lang=\"en-US\">, newsletter con informaci\u00f3n del producto, mensajes de cumplea\u00f1os, informaci\u00f3n sobre eventos especiales y din\u00e1micas promocionales, mensajes en fechas especiales y otros que impliquen informaci\u00f3n de producto o promoci\u00f3n.<\/span><\/p><p class=\"western\" align=\"justify\"><span lang=\"en-US\">La informaci\u00f3n de los clientes no se utilizar\u00e1 para ning\u00fan fin diferente a los anteriormente mencionados y ser\u00e1 de uso exclusivo de <\/span><span lang=\"en-US\"><u>Tresesenta estrategia digital<\/u><\/span><span lang=\"en-US\">.<\/span><\/p><p class=\"western\" align=\"justify\"><span lang=\"en-US\">Todos los correos electr\u00f3nicos incluyen la opci\u00f3n de desafiliaci\u00f3n al recibo de correos electr\u00f3nicos mediante la cual el cliente puede renunciar a recibir informaci\u00f3n futura por esta v\u00eda. La desafiliaci\u00f3n a otros canales se debe hacer por los canales de atenci\u00f3n al cliente.<\/span><\/p><p class=\"western\" align=\"justify\"><span lang=\"en-US\">Para mayor informaci\u00f3n puede contactarse con servicio al cliente al correo: <\/span><span lang=\"en-US\">soporte@tresesenta.mx<\/span><span lang=\"en-US\"> o a nuestras l\u00ednea de servicio al cliente en Saltillo <\/span><span lang=\"en-US\">608<\/span><span lang=\"en-US\"> y a nivel nacional al (81) 2235-7398 <\/span><span lang=\"en-US\">.<\/span><\/p><p class=\"western\" align=\"justify\"><span lang=\"en-US\">Direcci\u00f3n: <\/span><span lang=\"en-US\"> Talia 384 , Col. Contry Tesoro Monterrey, N.L. M\u00e9xico<\/span><\/p>\t\t\t\t\t\t<\/div>\n\t\t\t\t<\/div>\n\t\t\t\t\t<\/div>\n\t\t<\/div>\n\t\t\t\t<div class=\"elementor-column elementor-col-33 elementor-top-column elementor-element elementor-element-a25ba94\" data-id=\"a25ba94\" data-element_type=\"column\">\n\t\t\t<div class=\"elementor-widget-wrap\">\n\t\t\t\t\t\t\t\t\t<\/div>\n\t\t<\/div>\n\t\t\t\t\t\t\t<\/div>\n\t\t<\/section>\n\t\t\t\t\t\t\t<\/div>\n\t\t","protected":false},"excerpt":{"rendered":"<p>Estimado Cliente: Tresesenta estrategia digital recolecta informaci\u00f3n personal de sus clientes con fines promocionales exclusivamente y los medios de contacto,<\/p>\n","protected":false},"author":1,"featured_media":0,"parent":0,"menu_order":0,"comment_status":"closed","ping_status":"closed","template":"elementor_header_footer","meta":{"footnotes":""},"class_list":["post-15789","page","type-page","status-publish","hentry"],"_links":{"self":[{"href":"https:\/\/store3.prototipo.digital\/index.php\/wp-json\/wp\/v2\/pages\/15789","targetHints":{"allow":["GET"]}}],"collection":[{"href":"https:\/\/store3.prototipo.digital\/index.php\/wp-json\/wp\/v2\/pages"}],"about":[{"href":"https:\/\/store3.prototipo.digital\/index.php\/wp-json\/wp\/v2\/types\/page"}],"author":[{"embeddable":true,"href":"https:\/\/store3.prototipo.digital\/index.php\/wp-json\/wp\/v2\/users\/1"}],"replies":[{"embeddable":true,"href":"https:\/\/store3.prototipo.digital\/index.php\/wp-json\/wp\/v2\/comments?post=15789"}],"version-history":[{"count":7,"href":"https:\/\/store3.prototipo.digital\/index.php\/wp-json\/wp\/v2\/pages\/15789\/revisions"}],"predecessor-version":[{"id":15831,"href":"https:\/\/store3.prototipo.digital\/index.php\/wp-json\/wp\/v2\/pages\/15789\/revisions\/15831"}],"wp:attachment":[{"href":"https:\/\/store3.prototipo.digital\/index.php\/wp-json\/wp\/v2\/media?parent=15789"}],"curies":[{"name":"wp","href":"https:\/\/api.w.org\/{rel}","templated":true}]}}