{"id":411,"date":"2021-08-27T12:19:36","date_gmt":"2021-08-27T12:19:36","guid":{"rendered":"http:\/\/dummy.xtemos.com\/woodmart2\/elementor\/?post_type=product&#038;p=411"},"modified":"2023-08-29T17:15:32","modified_gmt":"2023-08-29T17:15:32","slug":"top-bordado","status":"publish","type":"product","link":"https:\/\/store3.prototipo.digital\/index.php\/producto\/top-bordado\/","title":{"rendered":"Top bordado"},"content":{"rendered":"\t\t<div data-elementor-type=\"wp-post\" data-elementor-id=\"411\" class=\"elementor elementor-411\" data-elementor-post-type=\"product\">\n\t\t\t\t\t\t\t\t\t<section class=\"wd-negative-gap elementor-section elementor-top-section elementor-element elementor-element-27afdad elementor-section-boxed elementor-section-height-default elementor-section-height-default wd-section-disabled\" data-id=\"27afdad\" data-element_type=\"section\">\n\t\t\t\t\t\t<div class=\"elementor-container elementor-column-gap-default\">\n\t\t\t\t\t<div class=\"elementor-column elementor-col-100 elementor-top-column elementor-element elementor-element-91f36c2\" data-id=\"91f36c2\" data-element_type=\"column\">\n\t\t\t<div class=\"elementor-widget-wrap elementor-element-populated\">\n\t\t\t\t\t\t\t\t<div class=\"elementor-element elementor-element-ff40d8c elementor-widget elementor-widget-wd_text_block\" data-id=\"ff40d8c\" data-element_type=\"widget\" data-widget_type=\"wd_text_block.default\">\n\t\t\t\t<div class=\"elementor-widget-container\">\n\t\t\t\t\t<div class=\"wd-text-block reset-last-child text-left\">\n\t\t\t\n\t\t\t<p>Las tendencias en la moda cambian constantemente, influenciadas por dise\u00f1adores, pasarelas, celebridades, cultura popular y m\u00e1s. Un vestido a la moda puede variar en estilo, color, longitud, detalles y materiales seg\u00fan lo que est\u00e9 en tendencia en un momento espec\u00edfico. Algunos elementos que podr\u00edan definir un vestido a la moda incluyen:<\/p><ol><li><p><strong>Corte y Silueta<\/strong>: Los cortes y las siluetas de los vestidos pueden variar ampliamente, desde vestidos ajustados y ce\u00f1idos hasta vestidos holgados y fluidos. Estos cortes reflejar\u00e1n las preferencias actuales en cuanto a formas y estilos.<\/p><\/li><li><p><strong>Colores y Estampados<\/strong>: Los colores y estampados populares en la moda pueden cambiar de temporada a temporada. Los vestidos a la moda pueden presentar colores y patrones que est\u00e1n en tendencia.<\/p><\/li><li><p><strong>Detalles y Adornos<\/strong>: Los detalles como volantes, pliegues, encajes, botones decorativos y otros adornos pueden a\u00f1adir un toque distintivo a un vestido y reflejar lo que est\u00e1 en boga en la moda.<\/p><\/li><li><p><strong>Longitud y Acabados<\/strong>: Las tendencias en la longitud de los vestidos pueden variar, desde vestidos cortos hasta vestidos largos o de longitud media. Los acabados, como las franjas asim\u00e9tricas o los dobladillos desiguales, tambi\u00e9n pueden ser caracter\u00edsticas de moda.<\/p><\/li><li><p><strong>Inspiraci\u00f3n de \u00c9poca o Retro<\/strong>: En ciertos momentos, la moda puede ser influenciada por \u00e9pocas pasadas, lo que lleva a la popularidad de estilos retro o vintage.<\/p><\/li><li><p><strong>Materiales y Texturas<\/strong>: La elecci\u00f3n de materiales y texturas, como terciopelo, seda, encaje, lentejuelas o denim, puede estar influenciada por las tendencias de moda.<\/p><\/li><li><p><strong>Accesorios Complementarios<\/strong>: Combinar el vestido con accesorios como zapatos, bolsos y joyas tambi\u00e9n puede contribuir a su aspecto a la moda.<\/p><\/li><\/ol><p>Es importante recordar que la moda es subjetiva y personal, y lo que se considera \"a la moda\" puede variar seg\u00fan el individuo y su estilo. Siempre es una buena idea elegir un vestido que te haga sentir c\u00f3moda y segura, independientemente de las tendencias actuales.<\/p>\n\t\t\t\t\t<\/div>\n\t\t\t\t<\/div>\n\t\t\t\t<\/div>\n\t\t\t\t\t<\/div>\n\t\t<\/div>\n\t\t\t\t\t\t\t<\/div>\n\t\t<\/section>\n\t\t\t\t\t\t\t<\/div>\n\t\t","protected":false},"excerpt":{"rendered":"<p>Vestido iluminado de rojo y lentejuelas, camisa verde de cuadritos, amarillo el pantal\u00f3n.<\/p>\n","protected":false},"featured_media":4662,"template":"","meta":[],"product_cat":[53],"product_tag":[],"class_list":["post-411","product","type-product","status-publish","has-post-thumbnail","hentry","product_cat-tops"],"_links":{"self":[{"href":"https:\/\/store3.prototipo.digital\/index.php\/wp-json\/wp\/v2\/product\/411","targetHints":{"allow":["GET"]}}],"collection":[{"href":"https:\/\/store3.prototipo.digital\/index.php\/wp-json\/wp\/v2\/product"}],"about":[{"href":"https:\/\/store3.prototipo.digital\/index.php\/wp-json\/wp\/v2\/types\/product"}],"version-history":[{"count":15,"href":"https:\/\/store3.prototipo.digital\/index.php\/wp-json\/wp\/v2\/product\/411\/revisions"}],"predecessor-version":[{"id":16006,"href":"https:\/\/store3.prototipo.digital\/index.php\/wp-json\/wp\/v2\/product\/411\/revisions\/16006"}],"wp:featuredmedia":[{"embeddable":true,"href":"https:\/\/store3.prototipo.digital\/index.php\/wp-json\/wp\/v2\/media\/4662"}],"wp:attachment":[{"href":"https:\/\/store3.prototipo.digital\/index.php\/wp-json\/wp\/v2\/media?parent=411"}],"wp:term":[{"taxonomy":"product_cat","embeddable":true,"href":"https:\/\/store3.prototipo.digital\/index.php\/wp-json\/wp\/v2\/product_cat?post=411"},{"taxonomy":"product_tag","embeddable":true,"href":"https:\/\/store3.prototipo.digital\/index.php\/wp-json\/wp\/v2\/product_tag?post=411"}],"curies":[{"name":"wp","href":"https:\/\/api.w.org\/{rel}","templated":true}]}}